{"id":368,"date":"2026-04-29T13:08:17","date_gmt":"2026-04-29T13:08:17","guid":{"rendered":"https:\/\/rw7.digital\/?post_type=product&#038;p=368"},"modified":"2026-04-29T14:14:24","modified_gmt":"2026-04-29T14:14:24","slug":"2a-corrida-do-treinamento-funcional-tl","status":"publish","type":"product","link":"https:\/\/rw7.digital\/?product=2a-corrida-do-treinamento-funcional-tl","title":{"rendered":"2\u00aa Corrida do Treinamento Funcional TL"},"content":{"rendered":"<div class=\"rw7-resumo-evento\">\n<div class=\"rw7-resumo-grid\">\n<div class=\"rw7-resumo-item\">\ud83d\udcc5 <strong>12\/07\/2026<\/strong><\/div>\n<div class=\"rw7-resumo-item\">\u23f0 <strong>05h00<\/strong><\/div>\n<div class=\"rw7-resumo-item\">\ud83d\udccd <strong>S\u00e3o Domingos do Maranh\u00e3o<\/strong><\/div>\n<div class=\"rw7-resumo-item\">\ud83c\udfc6 <strong>5 km \u2013 3 km \u2013 Kids<\/strong><\/div>\n<div class=\"rw7-resumo-item rw7-resumo-item-full\">\ud83c\udf81 <strong>Trof\u00e9us, medalhas e premia\u00e7\u00e3o em dinheiro<\/strong><\/div>\n<\/p><\/div>\n<div class=\"rw7-lote-inline\">1\u00ba Lote<\/div>\n<div class=\"rw7-mini-preco\">\n    Total no checkout: <strong>R$ 88,00<\/strong>\n  <\/div>\n<p class=\"rw7-resumo-nota\">Inclui taxa de servi\u00e7o da plataforma.<\/p>\n<p>  <a class=\"rw7-resumo-btn\" href=\"LINK-DO-REGULAMENTO.pdf\" target=\"_blank\" rel=\"noopener\"><br \/>\n    \ud83d\udcc4 Baixar regulamento<br \/>\n  <\/a>\n<\/div>\n","protected":false},"excerpt":{"rendered":"<p>\ud83d\udcc5 05\/07\/2026 | \u23f0 05h00 | \ud83d\udccd S\u00e3o Domingos do Maranh\u00e3o | \ud83c\udfc6 5 km | \ud83c\udf81 Trof\u00e9us e medalhas<\/p>\n<p style=\"display: inline-block; margin: 8px 0 12px; padding: 6px 14px; border-radius: 8px; background: #eaf2ff; color: #1f4fd8; font-size: 13px;\"><strong>1\u00ba Lote<\/strong><\/p>\n","protected":false},"featured_media":369,"comment_status":"open","ping_status":"closed","template":"","meta":[],"product_brand":[],"product_cat":[15],"product_tag":[],"class_list":{"0":"post-368","1":"product","2":"type-product","3":"status-publish","4":"has-post-thumbnail","6":"product_cat-resultados","8":"first","9":"instock","10":"shipping-taxable","11":"product-type-simple"},"_links":{"self":[{"href":"https:\/\/rw7.digital\/index.php?rest_route=\/wp\/v2\/product\/368","targetHints":{"allow":["GET"]}}],"collection":[{"href":"https:\/\/rw7.digital\/index.php?rest_route=\/wp\/v2\/product"}],"about":[{"href":"https:\/\/rw7.digital\/index.php?rest_route=\/wp\/v2\/types\/product"}],"replies":[{"embeddable":true,"href":"https:\/\/rw7.digital\/index.php?rest_route=%2Fwp%2Fv2%2Fcomments&post=368"}],"wp:featuredmedia":[{"embeddable":true,"href":"https:\/\/rw7.digital\/index.php?rest_route=\/wp\/v2\/media\/369"}],"wp:attachment":[{"href":"https:\/\/rw7.digital\/index.php?rest_route=%2Fwp%2Fv2%2Fmedia&parent=368"}],"wp:term":[{"taxonomy":"product_brand","embeddable":true,"href":"https:\/\/rw7.digital\/index.php?rest_route=%2Fwp%2Fv2%2Fproduct_brand&post=368"},{"taxonomy":"product_cat","embeddable":true,"href":"https:\/\/rw7.digital\/index.php?rest_route=%2Fwp%2Fv2%2Fproduct_cat&post=368"},{"taxonomy":"product_tag","embeddable":true,"href":"https:\/\/rw7.digital\/index.php?rest_route=%2Fwp%2Fv2%2Fproduct_tag&post=368"}],"curies":[{"name":"wp","href":"https:\/\/api.w.org\/{rel}","templated":true}]}}